{"id":2039,"date":"2020-05-04T16:48:36","date_gmt":"2020-05-04T14:48:36","guid":{"rendered":"http:\/\/www.dentalsurgimport.com\/index.php\/producto\/55-70030-np-tapon-cicatrizacion-recto-5mm\/"},"modified":"2020-06-09T17:03:00","modified_gmt":"2020-06-09T15:03:00","slug":"55-70030-np-tapon-cicatrizacion-recto-5mm","status":"publish","type":"product","link":"https:\/\/www.dentalsurgimport.com\/index.php\/producto\/55-70030-np-tapon-cicatrizacion-recto-5mm\/","title":{"rendered":"55-70030 NP Tap\u00f3n cicatrizaci\u00f3n recto 5mm"},"content":{"rendered":"<p>55-70030 NP Tap\u00f3n cicatrizaci\u00f3n recto 5mm<\/p>\n","protected":false},"excerpt":{"rendered":"<p>55-70030 NP Tap\u00f3n cicatrizaci\u00f3n recto 5mm<\/p>\n","protected":false},"featured_media":2872,"template":"","meta":[],"_links":{"self":[{"href":"https:\/\/www.dentalsurgimport.com\/index.php\/wp-json\/wp\/v2\/product\/2039"}],"collection":[{"href":"https:\/\/www.dentalsurgimport.com\/index.php\/wp-json\/wp\/v2\/product"}],"about":[{"href":"https:\/\/www.dentalsurgimport.com\/index.php\/wp-json\/wp\/v2\/types\/product"}],"wp:featuredmedia":[{"embeddable":true,"href":"https:\/\/www.dentalsurgimport.com\/index.php\/wp-json\/wp\/v2\/media\/2872"}],"wp:attachment":[{"href":"https:\/\/www.dentalsurgimport.com\/index.php\/wp-json\/wp\/v2\/media?parent=2039"}],"curies":[{"name":"wp","href":"https:\/\/api.w.org\/{rel}","templated":true}]}}