{"id":1927,"date":"2020-05-04T16:48:04","date_gmt":"2020-05-04T14:48:04","guid":{"rendered":"http:\/\/www.dentalsurgimport.com\/index.php\/producto\/40-72242-pilar-titanio-anatomico-concavo-conico-2mm\/"},"modified":"2020-05-20T17:50:46","modified_gmt":"2020-05-20T15:50:46","slug":"40-72242-pilar-titanio-anatomico-concavo-conico-2mm","status":"publish","type":"product","link":"https:\/\/www.dentalsurgimport.com\/index.php\/producto\/40-72242-pilar-titanio-anatomico-concavo-conico-2mm\/","title":{"rendered":"40-72242 Pilar titanio anat\u00f3mico c\u00f3ncavo CONICO 2mm"},"content":{"rendered":"<p>40-72242 Pilar titanio anat\u00f3mico c\u00f3ncavo CONICO 2mm<\/p>\n","protected":false},"excerpt":{"rendered":"<p>40-72242 Pilar titanio anat\u00f3mico c\u00f3ncavo CONICO 2mm<\/p>\n","protected":false},"featured_media":2553,"template":"","meta":[],"_links":{"self":[{"href":"https:\/\/www.dentalsurgimport.com\/index.php\/wp-json\/wp\/v2\/product\/1927"}],"collection":[{"href":"https:\/\/www.dentalsurgimport.com\/index.php\/wp-json\/wp\/v2\/product"}],"about":[{"href":"https:\/\/www.dentalsurgimport.com\/index.php\/wp-json\/wp\/v2\/types\/product"}],"wp:featuredmedia":[{"embeddable":true,"href":"https:\/\/www.dentalsurgimport.com\/index.php\/wp-json\/wp\/v2\/media\/2553"}],"wp:attachment":[{"href":"https:\/\/www.dentalsurgimport.com\/index.php\/wp-json\/wp\/v2\/media?parent=1927"}],"curies":[{"name":"wp","href":"https:\/\/api.w.org\/{rel}","templated":true}]}}