{"id":1926,"date":"2020-05-04T16:46:39","date_gmt":"2020-05-04T14:46:39","guid":{"rendered":"http:\/\/www.dentalsurgimport.com\/index.php\/producto\/40-72062-conical-2mm-pilar-recto-anatomico-concavo-dia-6mm\/"},"modified":"2020-05-20T18:28:30","modified_gmt":"2020-05-20T16:28:30","slug":"40-72062-conical-2mm-pilar-recto-anatomico-concavo-dia-6mm","status":"publish","type":"product","link":"https:\/\/www.dentalsurgimport.com\/index.php\/producto\/40-72062-conical-2mm-pilar-recto-anatomico-concavo-dia-6mm\/","title":{"rendered":"40-72062 CONICAL 2mm pilar recto anat\u00f3mico c\u00f3ncavo dia. 6mm"},"content":{"rendered":"<p>40-72062 CONICAL 2mm pilar recto anat\u00f3mico c\u00f3ncavo dia. 6mm<\/p>\n","protected":false},"excerpt":{"rendered":"<p>40-72062 CONICAL 2mm pilar recto anat\u00f3mico c\u00f3ncavo dia. 6mm<\/p>\n","protected":false},"featured_media":2572,"template":"","meta":[],"_links":{"self":[{"href":"https:\/\/www.dentalsurgimport.com\/index.php\/wp-json\/wp\/v2\/product\/1926"}],"collection":[{"href":"https:\/\/www.dentalsurgimport.com\/index.php\/wp-json\/wp\/v2\/product"}],"about":[{"href":"https:\/\/www.dentalsurgimport.com\/index.php\/wp-json\/wp\/v2\/types\/product"}],"wp:featuredmedia":[{"embeddable":true,"href":"https:\/\/www.dentalsurgimport.com\/index.php\/wp-json\/wp\/v2\/media\/2572"}],"wp:attachment":[{"href":"https:\/\/www.dentalsurgimport.com\/index.php\/wp-json\/wp\/v2\/media?parent=1926"}],"curies":[{"name":"wp","href":"https:\/\/api.w.org\/{rel}","templated":true}]}}