{"id":1858,"date":"2020-05-04T16:46:21","date_gmt":"2020-05-04T14:46:21","guid":{"rendered":"http:\/\/www.dentalsurgimport.com\/index.php\/producto\/40-70122-wp-pilar-titanio-recto-anatomico-concavo-3mm\/"},"modified":"2020-05-25T19:07:56","modified_gmt":"2020-05-25T17:07:56","slug":"40-70122-wp-pilar-titanio-recto-anatomico-concavo-3mm","status":"publish","type":"product","link":"https:\/\/www.dentalsurgimport.com\/index.php\/producto\/40-70122-wp-pilar-titanio-recto-anatomico-concavo-3mm\/","title":{"rendered":"40-70122 WP Pilar titanio recto anat\u00f3mico c\u00f3ncavo 3mm"},"content":{"rendered":"<p>40-70122 WP Pilar titanio recto anat\u00f3mico c\u00f3ncavo 3mm<\/p>\n","protected":false},"excerpt":{"rendered":"<p>40-70122 WP Pilar titanio recto anat\u00f3mico c\u00f3ncavo 3mm<\/p>\n","protected":false},"featured_media":2623,"template":"","meta":[],"_links":{"self":[{"href":"https:\/\/www.dentalsurgimport.com\/index.php\/wp-json\/wp\/v2\/product\/1858"}],"collection":[{"href":"https:\/\/www.dentalsurgimport.com\/index.php\/wp-json\/wp\/v2\/product"}],"about":[{"href":"https:\/\/www.dentalsurgimport.com\/index.php\/wp-json\/wp\/v2\/types\/product"}],"wp:featuredmedia":[{"embeddable":true,"href":"https:\/\/www.dentalsurgimport.com\/index.php\/wp-json\/wp\/v2\/media\/2623"}],"wp:attachment":[{"href":"https:\/\/www.dentalsurgimport.com\/index.php\/wp-json\/wp\/v2\/media?parent=1858"}],"curies":[{"name":"wp","href":"https:\/\/api.w.org\/{rel}","templated":true}]}}