{"id":1857,"date":"2020-05-04T16:46:21","date_gmt":"2020-05-04T14:46:21","guid":{"rendered":"http:\/\/www.dentalsurgimport.com\/index.php\/producto\/40-70121-wp-pilar-titanio-recto-anatomico-concavo-2mm\/"},"modified":"2020-05-25T19:06:31","modified_gmt":"2020-05-25T17:06:31","slug":"40-70121-wp-pilar-titanio-recto-anatomico-concavo-2mm","status":"publish","type":"product","link":"https:\/\/www.dentalsurgimport.com\/index.php\/producto\/40-70121-wp-pilar-titanio-recto-anatomico-concavo-2mm\/","title":{"rendered":"40-70121 WP  Pilar titanio recto anat\u00f3mico c\u00f3ncavo 2mm"},"content":{"rendered":"<p>40-70121 WP Pilar titanio recto anat\u00f3mico c\u00f3ncavo 2mm<\/p>\n","protected":false},"excerpt":{"rendered":"<p>40-70121 WP Pilar titanio recto anat\u00f3mico c\u00f3ncavo 2mm<\/p>\n","protected":false},"featured_media":2622,"template":"","meta":[],"_links":{"self":[{"href":"https:\/\/www.dentalsurgimport.com\/index.php\/wp-json\/wp\/v2\/product\/1857"}],"collection":[{"href":"https:\/\/www.dentalsurgimport.com\/index.php\/wp-json\/wp\/v2\/product"}],"about":[{"href":"https:\/\/www.dentalsurgimport.com\/index.php\/wp-json\/wp\/v2\/types\/product"}],"wp:featuredmedia":[{"embeddable":true,"href":"https:\/\/www.dentalsurgimport.com\/index.php\/wp-json\/wp\/v2\/media\/2622"}],"wp:attachment":[{"href":"https:\/\/www.dentalsurgimport.com\/index.php\/wp-json\/wp\/v2\/media?parent=1857"}],"curies":[{"name":"wp","href":"https:\/\/api.w.org\/{rel}","templated":true}]}}