{"id":1777,"date":"2020-05-04T16:43:15","date_gmt":"2020-05-04T14:43:15","guid":{"rendered":"http:\/\/www.dentalsurgimport.com\/index.php\/producto\/30-70415-np-manga-marron-para-ferula-guiada\/"},"modified":"2020-05-28T17:24:36","modified_gmt":"2020-05-28T15:24:36","slug":"30-70415-np-manga-marron-para-ferula-guiada","status":"publish","type":"product","link":"https:\/\/www.dentalsurgimport.com\/index.php\/producto\/30-70415-np-manga-marron-para-ferula-guiada\/","title":{"rendered":"30-70415 NP Manga marr\u00f3n para f\u00e9rula guiada"},"content":{"rendered":"<p>30-70415 NP Manga marr\u00f3n para f\u00e9rula guiada<\/p>\n","protected":false},"excerpt":{"rendered":"<p>30-70415 NP Manga marr\u00f3n para f\u00e9rula guiada<\/p>\n","protected":false},"featured_media":2716,"template":"","meta":[],"_links":{"self":[{"href":"https:\/\/www.dentalsurgimport.com\/index.php\/wp-json\/wp\/v2\/product\/1777"}],"collection":[{"href":"https:\/\/www.dentalsurgimport.com\/index.php\/wp-json\/wp\/v2\/product"}],"about":[{"href":"https:\/\/www.dentalsurgimport.com\/index.php\/wp-json\/wp\/v2\/types\/product"}],"wp:featuredmedia":[{"embeddable":true,"href":"https:\/\/www.dentalsurgimport.com\/index.php\/wp-json\/wp\/v2\/media\/2716"}],"wp:attachment":[{"href":"https:\/\/www.dentalsurgimport.com\/index.php\/wp-json\/wp\/v2\/media?parent=1777"}],"curies":[{"name":"wp","href":"https:\/\/api.w.org\/{rel}","templated":true}]}}