{"id":705,"date":"2020-04-27T13:05:00","date_gmt":"2020-04-27T11:05:00","guid":{"rendered":"http:\/\/www.dentalsurgimport.com\/?page_id=705"},"modified":"2021-07-29T14:32:26","modified_gmt":"2021-07-29T12:32:26","slug":"tratamiento-de-superficie","status":"publish","type":"page","link":"https:\/\/www.dentalsurgimport.com\/index.php\/tratamiento-de-superficie\/","title":{"rendered":"Superficie Paltop"},"content":{"rendered":"<h3>Tratamiento de superficie avanzado<\/h3>\n<p>El \u00e9xito de los implantes dentales se basa en un proceso conocido como osteointegraci\u00f3n, que ocurre cuando las c\u00e9lulas \u00f3seas se adhieren directamente a la superficie de titanio, bloqueando esencialmente el implante en el hueso de la mand\u00edbula. La tasa de osteointegraci\u00f3n de los implantes dentales de titanio est\u00e1 asociada a su composici\u00f3n y a la morfolog\u00eda de su superficie. Los implantes de superficie rugosa favorecen tanto el anclaje del hueso como la estabilidad biomec\u00e1nica.Los implantes PALTOP son tratados con procedimientos de tratamiento de superficie de \u00faltima generaci\u00f3n. Este tratamiento incluye arenado, grabado al \u00e1cido y limpieza exhaustiva. Este tratamiento crea macro, micro y nano estructuras superficiales, ampliando el contacto entre el hueso y el implante (BIC), promoviendo as\u00ed la osteointegraci\u00f3n y la restauraci\u00f3n temprana.Se pretende generar nanoestructuras en forma de cr\u00e1ter. El prominente proceso de tratamiento de superficies de PALTOP crea macro, micro y nano estructuras superficiales que se asemejan mucho a la morfolog\u00eda del hueso. La estructura derivada aumenta el \u00e1rea de la envoltura externa del implante, ampliando as\u00ed el \u00e1rea de la interfaz hueso-implante, que es un factor dominante en la osteointegraci\u00f3n. La rugosidad de la superficie medida es de Ra 2-3 micras, lo que se determin\u00f3 como la topograf\u00eda ideal para promover la estabilidad inicial y la curaci\u00f3n del hueso a largo plazo.Superficies rugosasLa meticulosa morfolog\u00eda de la superficie de PALTOP se crea mediante dos etapas secuenciales: chorro de arena, con el objetivo de crear micro-surcos en forma de cr\u00e1ter, seguido de un grabado al \u00e1cido<\/p>\n<p><span><img alt=\"\" data-id=\"709\" width=\"770\" data-init-width=\"770\" height=\"589\" data-init-height=\"589\" title=\"cientifica\" loading=\"lazy\" src=\"\/\/www.dentalsurgimport.com\/wp-content\/uploads\/2020\/04\/cientifica.jpg\" style=\"\"><\/span><\/p>\n<p><strong><strong>El tratamiento de superficie de PALTOP logra el resultado deseable de una superficie de implante altamente limpiada y segura con una morfolog\u00eda ideal para una integraci\u00f3n acelerada, estabilidad inicial, curaci\u00f3n \u00f3sea a largo plazo y fijaci\u00f3n biol\u00f3gica s\u00f3lida del implante.<\/strong><\/strong><\/p>\n<h2>Superficie limpia<\/h2>\n<p>El \u00e9xito y la seguridad de los implantes dentales depende en gran medida de la composici\u00f3n de la superficie. La extensa limpieza multietapa de PALTOP elimina los residuos no deseados derivados de la fabricaci\u00f3n, dando como resultado una superficie libre de contaminaci\u00f3n.El proceso de limpieza de PALTOP genera una capa estable de \u00f3xido de titanio que estabiliza qu\u00edmicamente la superficie del implante. El grosor \u00f3ptimo de la capa de 3-5nm, atrae los fluidos corporales sin ocultar la orfolog\u00eda de la superficie, promoviendo as\u00ed la curaci\u00f3n del hueso.<\/p>\n<p>El departamento de tecnolog\u00eda profesional de PALTOP ha desarrollado y probado ampliamente un proceso \u00fanico para obtener la limpieza de la superficie siguiendo los protocolos y normas de la industria de los semiconductores, y actualmente se aplica en los implantes de PALTOP.El proceso fue validado utilizando tecnolog\u00edas avanzadas de medici\u00f3n del estado s\u00f3lido. Se realizaron m\u00faltiples pruebas utilizando el est\u00e1ndar XPS, XPS bulk, SEM (50x para la vista general de la contaminaci\u00f3n, y 1000x y 5000x para la microestructura de la capa superior del implante), y EDS.Estas pruebas de alto nivel se realizan rutinariamente en la l\u00ednea de fabricaci\u00f3n de PALTOP de acuerdo con los protocolos y procedimientos est\u00e1ndar de PALTOP para asegurar que los productos cumplan con la pureza superficial predeterminada.<\/p>\n<h2 style=\"text-align: center;\">Especificaci\u00f3n del proceso de tecnolog\u00eda <\/h2>\n<h2 style=\"text-align: center;\">de superficie ultra limpia<\/h2>\n<p>&#8211; Controles de productos y procesos- Verificaci\u00f3n del proceso- Prueba del producto<\/p>\n<p>PALTOP mantiene la integridad del concepto de limpieza a lo largo de todas las fases de procesamiento, incluyendo la fabricaci\u00f3n, limpieza, verificaci\u00f3n y empaquetado. V\u00e9ase el esquema del proceso m\u00e1s arriba.La limpieza final es el toque crucial para fabricar un producto de pureza ultra alta &#8211; por lo tanto, PALTOP emplea un proceso de enjuague de agua ultra pura de varias etapas antes del ensamblaje, la verificaci\u00f3n y el embalaje del producto.Los procesos son monitoreados para asegurar la consistencia y el desarrollo de datos para futuras especificaciones. Los productos, procesos y controles de PALTOP se mejoran continuamente de acuerdo con las especificaciones que definen el proceso actual.Vigilancia del medio ambientePALTOP emplea salas limpias seg\u00fan la especificaci\u00f3n ISO clase 7(0.5,5). Las salas limpias son constantemente monitoreadas para detectar part\u00edculas y contaminaci\u00f3n biol\u00f3gica de acuerdo con las normas ISO 14644-1, ISO 14644-3, IES-RP_CC006.3. El control de part\u00edculas muestra que las salas limpias de PALTOP est\u00e1n mucho m\u00e1s limpias de lo que obliga la norma. Las pruebas de rutina de la carga biol\u00f3gica muestran que 0-1 UFC por dispositivo est\u00e1 muy por debajo de los criterios de aceptaci\u00f3n de la norma de 45 UFC por dispositivo.Monitoreo del agua ultrapuraEl agua utilizada para los procesos de limpieza del PALTOP se controla para un nivel de conductividad final de 5,5 uS\/m. Otras propiedades como la resistividad intermedia, las bacterias y las part\u00edculas se controlan para garantizar la coherencia de los procesos.Control digitalUn sistema computarizado designado asegura el control total del flujo de trabajo y los par\u00e1metros del proceso. La documentaci\u00f3n computarizada se lleva a cabo de acuerdo con las normas ISO 9001 e ISO 13485 para una completa trazabilidad y verificaci\u00f3n del dise\u00f1o.Fabricaci\u00f3n con Control Estad\u00edstico de ProcesosEl tratamiento de la superficie, las dimensiones y varios otros atributos del producto son regulados por el PALTOP mediante un control estad\u00edstico del proceso. Este sistema garantiza la vigilancia continua de las piezas, en lugar de inspeccionar los productos acabados, asegurando as\u00ed que todas las piezas cumplen las limitaciones de las especificaciones. Este enfoque proactivo permite al PALTOP identificar con prontitud los cambios en el proceso de fabricaci\u00f3n que podr\u00edan afectar a los productos, asegurando as\u00ed que se hagan los ajustes necesarios para que no se produzcan piezas rechazadas. Esta supervisi\u00f3n \u00aben l\u00ednea y en tiempo real\u00bb asegura productos m\u00e1s consistentes y confiables, procesos de producci\u00f3n m\u00e1s eficientes y precios m\u00e1s competitivos, ya que los clientes no tienen que absorber los costos ocultos de los problemas de la l\u00ednea de producci\u00f3n.An\u00e1lisis de la superficieSe utiliza el an\u00e1lisis rutinario SEM\/EDX (rayos X de energ\u00eda dispersiva) para vigilar la pureza y morfolog\u00eda de la superficie Este proceso utiliza un sistema estandarizado de par\u00e1metros operativos para asegurar que todos los resultados sean consistentes.An\u00e1lisis de materialesSe realizan an\u00e1lisis rutinarios de espectroscopia de fotoelectrones de rayos X (XPS) para evaluar la superficie, asegurar la calidad de las materias primas y validar el proceso de pureza ultra alta de PALTOP.<\/p>\n<h2>An\u00e1lisis de superficie por XPS<\/h2>\n<p>ObjetivoEl prop\u00f3sito del an\u00e1lisis de la superficie mediante la espectroscopia de fotoelectrones <\/p>\n<p>de rayos X (XPS) es evaluar la superficie del implante PALTOP a fin de verificar que <\/p>\n<p>las sustancias utilizadas en el proceso han sido eliminadas de la superficie <\/p>\n<p>sin que queden oclusiones indeseables.ProtocoloEl examen XPS de los implantes PALTOP se realiz\u00f3 en el Instituto de F\u00edsica del <\/p>\n<p>Estado S\u00f3lido, Fundaci\u00f3n de Investigaci\u00f3n y Desarrollo Technion de Israel. Los <\/p>\n<p>implantes PALTOP se compararon con los principales competidores internacionales <\/p>\n<p>como referencia.El m\u00e9todo de an\u00e1lisis se basa en la espectroscopia de fotoelectrones de rayos X <\/p>\n<p>(XPS). Para el an\u00e1lisis de la superficie, las muestras se irradiaron con rayos X&nbsp;<\/p>\n<p>monocrom\u00e1ticos. Los espectros de estudio se registraron con una energ\u00eda de paso <\/p>\n<p>de 150eV, a partir de la cual se determin\u00f3 la composici\u00f3n qu\u00edmica de la superficie.Las concentraciones at\u00f3micas se calcularon utilizando factores de sensibilidad <\/p>\n<p>elementales sin aplicar ning\u00fan procedimiento de normalizaci\u00f3n. Las energ\u00edas de <\/p>\n<p>enlace a nivel del n\u00facleo de los diferentes picos se normalizaron fijando la energ\u00eda <\/p>\n<p>de enlace para los C1 en 285,0eV.ResultadosEl examen se realiz\u00f3 en las dos \u00e1reas elegidas al azar. A continuaci\u00f3n se resumen <\/p>\n<p>los resultados del an\u00e1lisis cuantitativo elemental y los espesores de la capa de<\/p>\n<p>&nbsp;\u00f3xido de Ti.El informe del an\u00e1lisis XPS muestra la composici\u00f3n qu\u00edmica de la superficie <\/p>\n<p>del implante. A excepci\u00f3n de la materia prima Ti-Al-V, podemos encontrar altos <\/p>\n<p>niveles de ox\u00edgeno pertenecientes al \u00f3xido de Titanio, que es el sustrato para la <\/p>\n<p>osteointegraci\u00f3n. El Nitr\u00f3geno y el Carbono se derivan de la atm\u00f3sfera. <\/p>\n<p>No quedan otras contaminaciones o residuos del proceso de producci\u00f3n <\/p>\n<p>en la superficie del implante, lo que demuestra que la superficie del implante <\/p>\n<p>PALTOP es ultra limpia.ConclusionesEl tratamiento de la superficie, las dimensiones y varios otros atributos <\/p>\n<p>del producto son regulados por el PALTOP mediante un control estad\u00edstico <\/p>\n<p>del proceso. Este sistema garantiza la vigilancia continua de las piezas, en <\/p>\n<p>lugar de inspeccionar los productos acabados, asegurando as\u00ed que todas <\/p>\n<p>las piezas cumplen las limitaciones de las especificaciones. Este enfoque <\/p>\n<p>proactivo permite al PALTOP identificar con prontitud los cambios en el <\/p>\n<p>proceso de fabricaci\u00f3n que podr\u00edan afectar a los productos, asegurando as\u00ed <\/p>\n<p>que se hagan los ajustes necesarios para que no se produzcan piezas rechazadas. <\/p>\n<p>Esta supervisi\u00f3n \u00aben l\u00ednea y en tiempo real\u00bb asegura productos m\u00e1s <\/p>\n<p>consistentes y confiables, procesos de producci\u00f3n m\u00e1s eficientes y precios <\/p>\n<p>m\u00e1s competitivos, ya que los clientes no tienen que absorber los costos <\/p>\n<p>ocultos de los problemas de la l\u00ednea de producci\u00f3n.Composici\u00f3n at\u00f3mica calculada a partir del estudio XPS (%) y el espesor <\/p>\n<p>del \u00f3xido (nm) calculado a partir del espectro HR-XPS.<\/p>\n<p>Se puede concluir que las superficies del PALTOP en lo que respecta a la <\/p>\n<p>contaminaci\u00f3n indeseable, las oclusiones y los residuos son puras y seguras<\/p>\n<p>&nbsp;para su uso<\/p>\n<p><span><img alt=\"\" data-id=\"720\" width=\"549\" data-init-width=\"780\" height=\"226\" data-init-height=\"321\" title=\"tabla\" loading=\"lazy\" src=\"\/\/www.dentalsurgimport.com\/wp-content\/uploads\/2020\/04\/tabla.jpg\" data-width=\"549\" data-height=\"226\" style=\"\"><\/span><\/p>\n<p>An\u00e1lisis de la superficie por SEM\/EDSObjetivoEl prop\u00f3sito del an\u00e1lisis de la superficie mediante el ensayo de SEM\/EDS fue <\/p>\n<p>verificar que se lograron las macro y micro estructuras deseadas (rugosidad y <\/p>\n<p>morfolog\u00eda de la superficie) y evaluar la superficie del implante PALTOP <\/p>\n<p>para verificar que no quedaran part\u00edculas del procesamiento.ProtocoloEl an\u00e1lisis de la superficie se realiz\u00f3 mediante Microscop\u00eda Electr\u00f3nica de <\/p>\n<p>Barrido y an\u00e1lisis de Espectroscop\u00eda de Energ\u00eda Dispersa (SEM\/EDS) utilizando FEI <\/p>\n<p>Inspect SEM con el micro-analizador INCA EDS adjunto. Se utilizaron im\u00e1genes de <\/p>\n<p>EEB para enfatizar las contaminacionesEl ensayo se realiz\u00f3 en el Instituto Israel\u00ed de Metales en la fundaci\u00f3n de <\/p>\n<p>investigaci\u00f3n y desarrollo Technion (IIT, Technion Israel Institute of Technology).ResultadosComo puede verse en la figura 1.5, las fotomicrograf\u00edas de las superficies chorreadas <\/p>\n<p>no muestran part\u00edculas que queden en la superficie, lo que significa que las <\/p>\n<p>part\u00edculas utilizadas para el chorreo con arena de la superficie del implante fueron <\/p>\n<p>eliminadas y que las sustancias utilizadas para el procesamiento del implante <\/p>\n<p>PALTOP han sido lavadas a fondo.&lt; Adem\u00e1s, las im\u00e1genes microsc\u00f3picas SEM muestran estructuras en forma de nano <\/p>\n<p>cr\u00e1teres con una estructura superficial macro, micro y nano que se asemeja mucho <\/p>\n<p>a la morfolog\u00eda del hueso.Se puede concluir que el implante PALTOP muestra una superficie rugosa que <\/p>\n<p>favorece tanto el anclaje del hueso como la estabilidad biomec\u00e1nica, as\u00ed como una <\/p>\n<p>superficie libre de contaminaciones, oclusiones y residuos.<\/p>\n<p><span><img alt=\"\" data-id=\"722\" width=\"602\" data-init-width=\"773\" height=\"452\" data-init-height=\"581\" title=\"resi\" loading=\"lazy\" src=\"\/\/www.dentalsurgimport.com\/wp-content\/uploads\/2020\/04\/resi.jpg\" data-width=\"602\" data-height=\"452\"><\/span><span>Insert Content Template or Symbol<\/span><\/p>\n","protected":false},"excerpt":{"rendered":"<p>Tratamiento de superficie avanzado El \u00e9xito de los implantes dentales se basa en un proceso conocido como osteointegraci\u00f3n, que ocurre cuando las c\u00e9lulas \u00f3seas se adhieren directamente a la superficie de titanio, bloqueando esencialmente el implante en el hueso de la mand\u00edbula. La tasa de osteointegraci\u00f3n de los implantes dentales de titanio est\u00e1 asociada&#8230;<\/p>\n<p class=\"read-more\"><a class=\"btn btn-default\" href=\"https:\/\/www.dentalsurgimport.com\/index.php\/tratamiento-de-superficie\/\"> Read More<span class=\"screen-reader-text\">  Read More<\/span><\/a><\/p>\n","protected":false},"author":1,"featured_media":0,"parent":0,"menu_order":0,"comment_status":"closed","ping_status":"closed","template":"","meta":[],"_links":{"self":[{"href":"https:\/\/www.dentalsurgimport.com\/index.php\/wp-json\/wp\/v2\/pages\/705"}],"collection":[{"href":"https:\/\/www.dentalsurgimport.com\/index.php\/wp-json\/wp\/v2\/pages"}],"about":[{"href":"https:\/\/www.dentalsurgimport.com\/index.php\/wp-json\/wp\/v2\/types\/page"}],"author":[{"embeddable":true,"href":"https:\/\/www.dentalsurgimport.com\/index.php\/wp-json\/wp\/v2\/users\/1"}],"replies":[{"embeddable":true,"href":"https:\/\/www.dentalsurgimport.com\/index.php\/wp-json\/wp\/v2\/comments?post=705"}],"version-history":[{"count":168,"href":"https:\/\/www.dentalsurgimport.com\/index.php\/wp-json\/wp\/v2\/pages\/705\/revisions"}],"predecessor-version":[{"id":3464,"href":"https:\/\/www.dentalsurgimport.com\/index.php\/wp-json\/wp\/v2\/pages\/705\/revisions\/3464"}],"wp:attachment":[{"href":"https:\/\/www.dentalsurgimport.com\/index.php\/wp-json\/wp\/v2\/media?parent=705"}],"curies":[{"name":"wp","href":"https:\/\/api.w.org\/{rel}","templated":true}]}}