{"id":4304,"date":"2024-09-19T15:07:41","date_gmt":"2024-09-19T13:07:41","guid":{"rendered":"https:\/\/www.dentalsurgimport.com\/?page_id=4304"},"modified":"2024-09-19T15:19:44","modified_gmt":"2024-09-19T13:19:44","slug":"surgi-mate-pro-compact","status":"publish","type":"page","link":"https:\/\/www.dentalsurgimport.com\/index.php\/surgi-mate-pro-compact\/","title":{"rendered":"Surgi-Mate Pro Compact"},"content":{"rendered":"<p><\/p><a href=\"https:\/\/es.dentalica.com\/Marcas\/precision-tech\"><img src=\"https:\/\/es.dentalica.com\/images\/thumbs\/0009894_precision-tech_345.png\" alt=\"precision-tech\" title=\" PRECISION TECH\"\/><\/a><p><\/p><p><\/p><p><\/p><p><\/p><img src=\"https:\/\/www.dentalsurgimport.com\/wp-content\/uploads\/2024\/09\/logo.jpg\" alt=\"\"\/><p><\/p><span style=\"\"><img alt=\"\" data-id=\"4312\" width=\"260\" data-init-width=\"711\" height=\"146\" data-init-height=\"400\" title=\"Captura3\" loading=\"lazy\" src=\"https:\/\/www.dentalsurgimport.com\/wp-content\/uploads\/2024\/09\/Captura3-1.jpg\" data-width=\"260\" data-height=\"146\" style=\"aspect-ratio: auto 711 \/ 400;\" mt-d=\"0\"><span style=\"\"><\/span><\/span><span style=\"\"><img alt=\"\" data-id=\"4313\" width=\"260\" data-init-width=\"645\" height=\"137\" data-init-height=\"340\" title=\"Captura4\" loading=\"lazy\" src=\"https:\/\/www.dentalsurgimport.com\/wp-content\/uploads\/2024\/09\/Captura4-1.jpg\" data-width=\"260\" data-height=\"137\" style=\"aspect-ratio: auto 645 \/ 340;\" mt-d=\"0\"><span style=\"\"><\/span><\/span>                    <h1>Informaci\u00f3n de gama<\/h1><p><strong>Surgi-Mate Pro Compact&nbsp;<\/strong>es el nuevo motor quir\u00fargico de la gama Precision-Tech, resultado de una cuidadosa investigaci\u00f3n internacional llevada a cabo por el equipo de Dentalica.F\u00e1cil de usar, es muy intuitivo y confiable para realizar intervenciones precisas con total seguridad en cualquier campo de uso diario: cirug\u00eda, endodoncia, instrumentaci\u00f3n del conducto radicular u odontolog\u00eda general.<\/p>                    <h3 style=\"\"><strong>PANEL DE CONTROL CENTRALIZADO<\/strong><\/h3><p style=\"\">Todos los ajustes se pueden seleccionar f\u00e1cilmente directamente desde el panel de control, que es claro, se explica por s\u00ed mismo y, no menos importante, se desinfecta f\u00e1cilmente.Velocidad, par, suministro de flujo, almacenamiento, etc. se puede configurar con un solo clic. Los controles m\u00e1s importantes durante el funcionamiento se pueden seleccionar desde el pedal multifunci\u00f3n.<\/p>                    <h3 style=\"\"><strong><strong>DISE\u00d1O COMPACTO<\/strong><\/strong><\/h3><p style=\"\">El dise\u00f1o innovador caracterizado por la compacidad de las dimensiones ha sido espec\u00edficamente estudiado para facilitar su colocaci\u00f3n incluso en espacios reducidos y facilitan el movimiento de un quir\u00f3fano a otro. Adem\u00e1s, las suaves l\u00edneas de su unidad hacen que la higienizaci\u00f3n diaria sea \u00e1gil y r\u00e1pida.<\/p>                    <h3 style=\"\"><strong><strong><strong>ALMACENAMIENTO DEL PROGRAMA<\/strong><\/strong><\/strong><\/h3><p style=\"\">Se pueden almacenar hasta 9 programas, totalmente personalizables en todos los par\u00e1metros, funci\u00f3n indispensable si la consola es utilizada por varios operadores en la consulta o se utilizan diferentes sistemas de implantes.<\/p>                    <h3 style=\"\"><strong><strong><strong><strong>ILUMINACI\u00d3N LED<\/strong><\/strong><\/strong><\/strong><\/h3><p>El micromotor Surgi-Mate Pro Compact est\u00e1 equipado con iluminaci\u00f3n LED, el operador puede operar con mayor precisi\u00f3n y aumentar la seguridad y la velocidad de intervenci\u00f3n al reducir la posibilidad de error. Destacan mejor los tejidos y tambi\u00e9n los niveles de profundidad.<\/p><ul><li tabindex=\"0\"><\/li><\/ul>","protected":false},"excerpt":{"rendered":"<p>Informaci\u00f3n de gama Surgi-Mate Pro Compact&nbsp;es el nuevo motor quir\u00fargico de la gama Precision-Tech, resultado de una cuidadosa investigaci\u00f3n internacional llevada a cabo por el equipo de Dentalica.F\u00e1cil de usar, es muy intuitivo y confiable para realizar intervenciones precisas con total seguridad en cualquier campo de uso diario: cirug\u00eda, endodoncia, instrumentaci\u00f3n del conducto radicular&#8230;<\/p>\n<p class=\"read-more\"><a class=\"btn btn-default\" href=\"https:\/\/www.dentalsurgimport.com\/index.php\/surgi-mate-pro-compact\/\"> Read More<span class=\"screen-reader-text\">  Read More<\/span><\/a><\/p>\n","protected":false},"author":1,"featured_media":0,"parent":0,"menu_order":0,"comment_status":"closed","ping_status":"closed","template":"","meta":[],"_links":{"self":[{"href":"https:\/\/www.dentalsurgimport.com\/index.php\/wp-json\/wp\/v2\/pages\/4304"}],"collection":[{"href":"https:\/\/www.dentalsurgimport.com\/index.php\/wp-json\/wp\/v2\/pages"}],"about":[{"href":"https:\/\/www.dentalsurgimport.com\/index.php\/wp-json\/wp\/v2\/types\/page"}],"author":[{"embeddable":true,"href":"https:\/\/www.dentalsurgimport.com\/index.php\/wp-json\/wp\/v2\/users\/1"}],"replies":[{"embeddable":true,"href":"https:\/\/www.dentalsurgimport.com\/index.php\/wp-json\/wp\/v2\/comments?post=4304"}],"version-history":[{"count":6,"href":"https:\/\/www.dentalsurgimport.com\/index.php\/wp-json\/wp\/v2\/pages\/4304\/revisions"}],"predecessor-version":[{"id":4315,"href":"https:\/\/www.dentalsurgimport.com\/index.php\/wp-json\/wp\/v2\/pages\/4304\/revisions\/4315"}],"wp:attachment":[{"href":"https:\/\/www.dentalsurgimport.com\/index.php\/wp-json\/wp\/v2\/media?parent=4304"}],"curies":[{"name":"wp","href":"https:\/\/api.w.org\/{rel}","templated":true}]}}