{"id":4253,"date":"2024-09-12T14:15:15","date_gmt":"2024-09-12T12:15:15","guid":{"rendered":"https:\/\/www.dentalsurgimport.com\/?page_id=4253"},"modified":"2024-11-27T13:51:43","modified_gmt":"2024-11-27T12:51:43","slug":"biomaterial-2","status":"publish","type":"page","link":"https:\/\/www.dentalsurgimport.com\/index.php\/biomaterial-2\/","title":{"rendered":"BIOMATERIAL MedPark S1(BOVINO)"},"content":{"rendered":"\n<div class=\"wp-block-pdf-viewer-block-standard\" style=\"text-align:left\"><div class=\"uploaded-pdf\"><a href=\"https:\/\/www.dentalsurgimport.com\/wp-content\/uploads\/2024\/09\/MedPark-S1_Dental_Brochure_EN_ver7.0_lowweb.pdf\" data-width=\"\" data-height=\"\"><\/a><\/div><\/div>\n\n\n<p><\/p>\n<h1><strong>Preservaci\u00f3n de la cresta alveolar sin membrana<\/strong><\/h1>\n<p><strong>\u200b<\/strong><\/p>\n<p><strong>MedPark<\/strong>&nbsp;S1 Dental es un material de xenoinjerto derivado de hueso esponjoso bovino con el prop\u00f3sito de asegurar un espacio donde se forma un nuevo tejido \u00f3seo al llenar defectos o vac\u00edos \u00f3seos de la regi\u00f3n oral y maxilofacial debido a una lesi\u00f3n quir\u00fargica o no quir\u00fargica.<\/p>\n<p><strong>Antes de la cirug\u00eda:<\/strong><\/p>\n<p>1. Entregar un producto doblemente envasado en el quir\u00f3fano manteni\u00e9ndolo esterilizado.2. No utilizar el S1 si el envase est\u00e9ril est\u00e1 da\u00f1ado o abierto.3. No utilizarlo si se encuentra alg\u00fan material extra\u00f1o en el interior del vial.4. No utilice el injerto \u00f3seo S1 despu\u00e9s de la fecha de caducidad. El periodo de validez es de 5(cinco) a\u00f1os a partir de la fecha de fabricaci\u00f3n.5. Lea y comprenda completamente las \u00abInstrucciones de uso\u00bb antes de la intervenci\u00f3n quir\u00fargica y aseg\u00farese de que el cirujano sabe exactamente c\u00f3mo utilizar el S1.6. El instrumental quir\u00fargico debe esterilizarse antes de la intervenci\u00f3n.7. S1 es un dispositivo m\u00e9dico implantable y debe utilizarse en un entorno limpio, el quir\u00f3fano.<\/p>\n<p><strong>Directrices para su uso:<\/strong>Al utilizar el <strong>S1<\/strong> deben seguirse los principios generales de manipulaci\u00f3n est\u00e9ril y medicaci\u00f3n del paciente.1. Al utilizarlo, despegue la pel\u00edcula Tyvek del bl\u00edster. 2. Sujetando firmemente el vial de S1, retire el tap\u00f3n. Dispensar los gr\u00e1nulos de <strong>S1<\/strong> en un recipiente est\u00e9ril.2. Despu\u00e9s de exponer el defecto \u00f3seo con colgajo mucoperi\u00f3stico, eliminar completamente el tejido de granulaci\u00f3n y el tejido inflamatorio.3. Al abrir el envase est\u00e9ril, no almacenar nunca el producto restante.4. Poner soluci\u00f3n salina en el material de injerto \u00f3seo que ha sido colocado en el envase esterilizado.5. Aseg\u00farese de que la cantidad recomendada de soluci\u00f3n salina en peso para utilizar S1 con \u00e9xito.1) \u00a1Tenga en cuenta los siguientes puntos!- Por favor, respete la cantidad recomendada- No dividir el producto para usos m\u00faltiples- No mezclar con otros injertos \u00f3seos- Mezclar bien con soluciones salinas2) \u00a1La cantidad de soluci\u00f3n salina es lo m\u00e1s importante!- Colocar <strong>S1<\/strong> en la cubeta e hidratar los materiales con suero salino- Utilice \u00fanicamente la cantidad recomendada de soluci\u00f3n salina.- No remoje en soluci\u00f3n salina despu\u00e9s de dar forma para una cirug\u00eda.3) \u00a1Es importante amasar el <strong>S1<\/strong> uniformemente!- Amase la masa lo suficiente durante al menos 30 segundos utilizando las manos o herramientas para darle una forma grumosa antes de utilizar S1.6. Despu\u00e9s de hacer el producto en forma de pasta adecuada para la zona del defecto, apl\u00edquelo en la zona quir\u00fargica utilizando un instrumento dental y presi\u00f3nelo.7. 7. Tras rellenar el injerto, cubra la zona quir\u00fargica con un colgajo mucoperi\u00f3stico y f\u00edjelo con suturas. Aseg\u00farese de sellar completamente el sitio de implantaci\u00f3n para evitar la exposici\u00f3n.\u203b Fundamentalmente, el uso del tipo polvo se recomienda para defectos peque\u00f1os (hasta 2 alv\u00e9olos dentales). El tipo chip se recomienda para defectos grandes (&gt; 2 alv\u00e9olos dentales, elevaciones de seno), sin embargo, las preferencias pueden variar de un dentista a otro. Los tipos polvo y chip pueden mezclarse a discreci\u00f3n del dentista.<\/p>\n<p><strong>Almacenamiento y caducidad:<\/strong>Este producto se suministra en un envase est\u00e9ril. Conservar tal cual a temperatura ambiente(1\u2103 a 30\u2103) a la sombra antes de su uso.Si el envase est\u00e9ril est\u00e1 da\u00f1ado o abierto, el producto no debe utilizarse. El contenido del bl\u00edster o vial est\u00e1 dise\u00f1ado para un solo uso. Desechar el material no utilizado una vez abierto.La fecha de caducidad es de 5 a\u00f1os a partir de la fecha de fabricaci\u00f3n.No utilice ni re-esterilice productos que hayan caducado.<\/p>\n<p><strong>1. Advertencias:<\/strong>1) Deseche el material no utilizado despu\u00e9s de abrirlo. No reutilizar nunca.2) No utilizar si el envase est\u00e1 abierto o da\u00f1ado o si se ha superado la fecha de caducidad.3) Este producto s\u00f3lo debe ser utilizado por dentistas o cirujanos orales cualificados.2. Los pacientes con las siguientes enfermedades est\u00e1n prohibidos.1) Pacientes con osteomielitis2) Pacientes con disfunci\u00f3n hep\u00e1tica grave3) Pacientes con disfunci\u00f3n card\u00edaca grave3. Efectos secundarios No se pueden excluir totalmente las reacciones de incompatibilidad con MedPark S1. Las posibles complicaciones que pueden ocurrir con cualquier cirug\u00eda incluyen hinchaz\u00f3n en el sitio quir\u00fargico, descamaci\u00f3n del colgajo, hemorragia, inflamaci\u00f3n local, p\u00e9rdida \u00f3sea, infecci\u00f3n o dolor.4. Precauciones generales1) En general, las condiciones consideradas como contraindicaciones est\u00e1ndar para el injerto \u00f3seo son las enfermedades metab\u00f3licas, la osteoporosis, el tratamiento con esteroides, las enfermedades autoinmunes y el nicotinismo.2) Dado que el S1 procede de hueso esponjoso bovino, no debe administrarse a pacientes al\u00e9rgicos al hueso bovino. (Aunque el S1 cumple la \u00abISO 10993-10 Prueba de irritaci\u00f3n y sensibilizaci\u00f3n cut\u00e1nea\u00bb, puede producirse una reacci\u00f3n al\u00e9rgica en alguien con sensibilidad al S1).3) Para la regeneraci\u00f3n \u00f3sea, el producto s\u00f3lo es implantable en el tejido \u00f3seo que est\u00e1 directamente conectado al tejido \u00f3seo vivo y al hueso hu\u00e9sped. La experiencia ha demostrado que debe evitarse el movimiento debido al aumento de las cargas f\u00edsicas (cargas de compresi\u00f3n) o la implantaci\u00f3n de implantes (procedimientos de 2 pasos) hasta varias semanas despu\u00e9s de la inserci\u00f3n del producto. Los experimentos han demostrado que la carga f\u00edsica (carga de compresi\u00f3n) de las zonas aumentadas con este producto es posible despu\u00e9s de 6 meses como m\u00ednimo. El tiempo de colocaci\u00f3n del implante viene determinado por la cantidad de hueso local remanente.5. Mujeres embarazadas y lactantes, lactantes, ni\u00f1os1) No utilice S1 en mujeres embarazadas o en per\u00edodo de lactancia.2) El S1 no debe utilizarse en pacientes esquel\u00e9ticamente inmaduros. (&lt;18 a\u00f1os de edad sin evidencia radiogr\u00e1fica de cierre epifisario) 6. Notas de aplicaci\u00f3n Notas de aplicaci\u00f3n 1) No dejar par\u00e9nquima ni otros tejidos blandos en la zona defectuosa a implantar.3) Este producto tiene una baja resistencia mec\u00e1nica, por lo que se debe tener cuidado al rellenar el contenido. 3) No rellenar en exceso las zonas defectuosas o quir\u00fargicas.4) La zona defectuosa y la zona quir\u00fargica deben estar completamente cerradas.<\/p>","protected":false},"excerpt":{"rendered":"<p>Preservaci\u00f3n de la cresta alveolar sin membrana \u200b MedPark&nbsp;S1 Dental es un material de xenoinjerto derivado de hueso esponjoso bovino con el prop\u00f3sito de asegurar un espacio donde se forma un nuevo tejido \u00f3seo al llenar defectos o vac\u00edos \u00f3seos de la regi\u00f3n oral y maxilofacial debido a una lesi\u00f3n quir\u00fargica o no quir\u00fargica&#8230;.<\/p>\n<p class=\"read-more\"><a class=\"btn btn-default\" href=\"https:\/\/www.dentalsurgimport.com\/index.php\/biomaterial-2\/\"> Read More<span class=\"screen-reader-text\">  Read More<\/span><\/a><\/p>\n","protected":false},"author":1,"featured_media":0,"parent":0,"menu_order":0,"comment_status":"closed","ping_status":"closed","template":"","meta":[],"_links":{"self":[{"href":"https:\/\/www.dentalsurgimport.com\/index.php\/wp-json\/wp\/v2\/pages\/4253"}],"collection":[{"href":"https:\/\/www.dentalsurgimport.com\/index.php\/wp-json\/wp\/v2\/pages"}],"about":[{"href":"https:\/\/www.dentalsurgimport.com\/index.php\/wp-json\/wp\/v2\/types\/page"}],"author":[{"embeddable":true,"href":"https:\/\/www.dentalsurgimport.com\/index.php\/wp-json\/wp\/v2\/users\/1"}],"replies":[{"embeddable":true,"href":"https:\/\/www.dentalsurgimport.com\/index.php\/wp-json\/wp\/v2\/comments?post=4253"}],"version-history":[{"count":14,"href":"https:\/\/www.dentalsurgimport.com\/index.php\/wp-json\/wp\/v2\/pages\/4253\/revisions"}],"predecessor-version":[{"id":4331,"href":"https:\/\/www.dentalsurgimport.com\/index.php\/wp-json\/wp\/v2\/pages\/4253\/revisions\/4331"}],"wp:attachment":[{"href":"https:\/\/www.dentalsurgimport.com\/index.php\/wp-json\/wp\/v2\/media?parent=4253"}],"curies":[{"name":"wp","href":"https:\/\/api.w.org\/{rel}","templated":true}]}}