{"id":157,"date":"2020-04-22T17:34:16","date_gmt":"2020-04-22T15:34:16","guid":{"rendered":"http:\/\/www.dentalsurgimport.com\/?page_id=157"},"modified":"2021-08-04T11:14:03","modified_gmt":"2021-08-04T09:14:03","slug":"secuencias-de-fresado","status":"publish","type":"page","link":"https:\/\/www.dentalsurgimport.com\/index.php\/secuencias-de-fresado\/","title":{"rendered":"Datos T\u00e9cnicos"},"content":{"rendered":"<h3>Secuencias de fresado<\/h3>\n<p><span style=\"width: 100%;\"><img alt=\"\" width=\"124\" height=\"80\" title=\"fresa\" data-id=\"616\" src=\"\/\/www.dentalsurgimport.com\/wp-content\/uploads\/2020\/04\/fresa-1.png\" style=\"\" data-init-width=\"1171\" data-init-height=\"753\" loading=\"lazy\" ml-d=\"0\" mt-d=\"-2\" data-width=\"124\" data-height=\"80\"><\/span><\/p>\n<p>El \u00e9xito de los implantes dentales se basa en un proceso conocido como osteointegraci\u00f3n, que ocurre cuando las c\u00e9lulas \u00f3seas se adhieren directamente a la superficie de titanio, esencialmente bloqueando el implante en el hueso de la mand\u00edbula<\/p>\n<h3>Torques de inserci\u00f3n<\/h3>\n<p><span style=\"width: 100%;\"><img alt=\"\" width=\"124\" height=\"80\" title=\"torque\" data-id=\"629\" src=\"\/\/www.dentalsurgimport.com\/wp-content\/uploads\/2020\/04\/torque-1.png\" style=\"\" ml-d=\"0\" mt-d=\"-2\" data-width=\"124\" data-height=\"80\" data-init-width=\"302\" data-init-height=\"184\" loading=\"lazy\"><\/span><\/p>\n<p>Tabla de torque de fijaci\u00f3n de tornillos y velocidad de fresado recomendada<\/p>\n<\/p>\n<h3>Videos\/Demostraciones<\/h3>\n<p><span style=\"width: 100%;\"><img alt=\"\" width=\"145\" height=\"92\" title=\"videos\" data-id=\"645\" src=\"\/\/www.dentalsurgimport.com\/wp-content\/uploads\/2020\/04\/videos.jpg\" style=\"\" mt-d=\"-2\" data-width=\"145\" data-height=\"92\" data-init-width=\"203\" data-init-height=\"122\" loading=\"lazy\" center-v-d=\"false\"><\/span><\/p>\n<p>La parte quir\u00fargica del tratamiento con implantes debe ir precedida de una evaluaci\u00f3n completa del paciente, un diagn\u00f3stico preoperatorio y la planificaci\u00f3n de la terapia&#8230;<\/p>\n<h3>Instrucciones de uso<\/h3>\n<p><span style=\"width: 100%;\"><img alt=\"\" width=\"145\" height=\"92\" title=\"uso\" data-id=\"651\" src=\"\/\/www.dentalsurgimport.com\/wp-content\/uploads\/2020\/04\/uso.jpg\" style=\"\" mt-d=\"-2\" data-width=\"145\" data-height=\"92\" data-init-width=\"202\" data-init-height=\"128\" loading=\"lazy\" center-v-d=\"false\"><\/span><\/p>\n<p>Instrucciones de uso del sistema de implantes Paltop para uso profesional<\/p>\n","protected":false},"excerpt":{"rendered":"<p>Secuencias de fresado El \u00e9xito de los implantes dentales se basa en un proceso conocido como osteointegraci\u00f3n, que ocurre cuando las c\u00e9lulas \u00f3seas se adhieren directamente a la superficie de titanio, esencialmente bloqueando el implante en el hueso de la mand\u00edbula Torques de inserci\u00f3n Tabla de torque de fijaci\u00f3n de tornillos y velocidad de&#8230;<\/p>\n<p class=\"read-more\"><a class=\"btn btn-default\" href=\"https:\/\/www.dentalsurgimport.com\/index.php\/secuencias-de-fresado\/\"> Read More<span class=\"screen-reader-text\">  Read More<\/span><\/a><\/p>\n","protected":false},"author":1,"featured_media":0,"parent":0,"menu_order":0,"comment_status":"closed","ping_status":"closed","template":"","meta":[],"_links":{"self":[{"href":"https:\/\/www.dentalsurgimport.com\/index.php\/wp-json\/wp\/v2\/pages\/157"}],"collection":[{"href":"https:\/\/www.dentalsurgimport.com\/index.php\/wp-json\/wp\/v2\/pages"}],"about":[{"href":"https:\/\/www.dentalsurgimport.com\/index.php\/wp-json\/wp\/v2\/types\/page"}],"author":[{"embeddable":true,"href":"https:\/\/www.dentalsurgimport.com\/index.php\/wp-json\/wp\/v2\/users\/1"}],"replies":[{"embeddable":true,"href":"https:\/\/www.dentalsurgimport.com\/index.php\/wp-json\/wp\/v2\/comments?post=157"}],"version-history":[{"count":85,"href":"https:\/\/www.dentalsurgimport.com\/index.php\/wp-json\/wp\/v2\/pages\/157\/revisions"}],"predecessor-version":[{"id":3535,"href":"https:\/\/www.dentalsurgimport.com\/index.php\/wp-json\/wp\/v2\/pages\/157\/revisions\/3535"}],"wp:attachment":[{"href":"https:\/\/www.dentalsurgimport.com\/index.php\/wp-json\/wp\/v2\/media?parent=157"}],"curies":[{"name":"wp","href":"https:\/\/api.w.org\/{rel}","templated":true}]}}