{"id":1277,"date":"2020-05-03T09:06:21","date_gmt":"2020-05-03T07:06:21","guid":{"rendered":"http:\/\/www.dentalsurgimport.com\/?page_id=1277"},"modified":"2020-05-03T12:11:36","modified_gmt":"2020-05-03T10:11:36","slug":"videos-demostrativos","status":"publish","type":"page","link":"https:\/\/www.dentalsurgimport.com\/index.php\/videos-demostrativos\/","title":{"rendered":"VIDEOS"},"content":{"rendered":"<h3>Sistema Correctivo de Angulaci\u00f3n<\/h3>\n<p><span style=\"width: 100%;\"><img alt=\"\" width=\"145\" height=\"115\" title=\"ACS\" data-id=\"1280\" src=\"\/\/www.dentalsurgimport.com\/wp-content\/uploads\/2020\/05\/ACS.jpg\" style=\"\" data-width=\"145\" data-height=\"115\" data-init-width=\"296\" data-init-height=\"236\" loading=\"lazy\"><\/span><\/p>\n<p>El sistema ACS ofrece al t\u00e9cnico dental el control sobre la posici\u00f3n deseada del orificio de acceso al tornillo. Los pilares ACS son para restauraciones atornilladas CAD\/CAM fabricadas con precisi\u00f3n, en las que se requiere una angulaci\u00f3n del orificio de acceso al tornillo para mejorar la est\u00e9tica y\/o la funci\u00f3n.<\/p>\n<h3>Kit quir\u00fargico totalmente guiado de 2\u00aa generaci\u00f3n<\/h3>\n<p><span style=\"width: 100%;\"><img alt=\"\" width=\"145\" height=\"115\" title=\"kickstart1\" data-id=\"1244\" src=\"\/\/www.dentalsurgimport.com\/wp-content\/uploads\/2020\/05\/kickstart1-1.jpg\" style=\"\" data-width=\"145\" data-height=\"115\" data-init-width=\"492\" data-init-height=\"691\" loading=\"lazy\"><\/span><\/p>\n<p>&nbsp;Video de instruccionesVea nuestro tutorial completo sobre la segunda generaci\u00f3n del Kit Quir\u00fargico Completamente Guiado. Aprenda c\u00f3mo completar sus procedimientos quir\u00fargicos con planificaci\u00f3n virtual y cirug\u00eda totalmente guiada, considerando el resultado est\u00e9tico ideal.<\/p>\n<h3>Toma de Impresi\u00f3n<\/h3>\n<p><span style=\"width: 100%;\"><img alt=\"\" width=\"145\" height=\"89\" title=\"toma impresion\" data-id=\"1310\" src=\"\/\/www.dentalsurgimport.com\/wp-content\/uploads\/2020\/05\/toma-impresion.jpg\" style=\"\" data-width=\"145\" data-height=\"89\" data-init-width=\"151\" data-init-height=\"93\" loading=\"lazy\"><\/span><\/p>\n<p>La toma de impresi\u00f3n tiene dos formas generales, un tipo se retiene en la boca cuando se retira la impresi\u00f3n establecida este tipo de impresi\u00f3n se conoce como cubeta cerrada. El otro tipo se incorpora a la impresi\u00f3n y se retira de la boca junto con la impresi\u00f3n fijada y se conoce como cubeta abierta<\/p>\n<h3>Carga Inmediata<\/h3>\n<p><span style=\"width: 100%;\"><img alt=\"\" width=\"145\" height=\"89\" title=\"fresado\" data-id=\"1309\" src=\"\/\/www.dentalsurgimport.com\/wp-content\/uploads\/2020\/05\/fresado.jpg\" style=\"\" data-width=\"145\" data-height=\"89\" data-init-width=\"152\" data-init-height=\"91\" loading=\"lazy\"><\/span><\/p>\n<p>El Implante Paltop est\u00e1 dise\u00f1ado para carga inmediata. Junto con las fresas de dise\u00f1o \u00fanico y el protocolo Paltop, &nbsp;alcanza la estabilidad primaria en cualquier aplicaci\u00f3n, incluyendo la colocaci\u00f3n\/carga inmediata<\/p>\n<h3>Secuencia de fresado \/ Osteotom\u00eda<\/h3>\n<p><span style=\"width: 100%;\"><img alt=\"\" width=\"145\" height=\"89\" title=\"osteotomi\" data-id=\"1308\" src=\"\/\/www.dentalsurgimport.com\/wp-content\/uploads\/2020\/05\/osteotomi.jpg\" style=\"\" data-width=\"145\" data-height=\"89\" data-init-width=\"154\" data-init-height=\"94\" loading=\"lazy\"><\/span><\/p>\n<p>El Implante Paltop est\u00e1 dise\u00f1ado para carga inmediata. Junto con las fresas de dise\u00f1o \u00fanico y el protocolo Paltop, &nbsp;alcanza la estabilidad primaria en cualquier aplicaci\u00f3n, incluyendo la colocaci\u00f3n\/carga inmediata<\/p>\n","protected":false},"excerpt":{"rendered":"<p>Sistema Correctivo de Angulaci\u00f3n El sistema ACS ofrece al t\u00e9cnico dental el control sobre la posici\u00f3n deseada del orificio de acceso al tornillo. Los pilares ACS son para restauraciones atornilladas CAD\/CAM fabricadas con precisi\u00f3n, en las que se requiere una angulaci\u00f3n del orificio de acceso al tornillo para mejorar la est\u00e9tica y\/o la funci\u00f3n&#8230;.<\/p>\n<p class=\"read-more\"><a class=\"btn btn-default\" href=\"https:\/\/www.dentalsurgimport.com\/index.php\/videos-demostrativos\/\"> Read More<span class=\"screen-reader-text\">  Read More<\/span><\/a><\/p>\n","protected":false},"author":1,"featured_media":0,"parent":0,"menu_order":0,"comment_status":"closed","ping_status":"closed","template":"","meta":[],"_links":{"self":[{"href":"https:\/\/www.dentalsurgimport.com\/index.php\/wp-json\/wp\/v2\/pages\/1277"}],"collection":[{"href":"https:\/\/www.dentalsurgimport.com\/index.php\/wp-json\/wp\/v2\/pages"}],"about":[{"href":"https:\/\/www.dentalsurgimport.com\/index.php\/wp-json\/wp\/v2\/types\/page"}],"author":[{"embeddable":true,"href":"https:\/\/www.dentalsurgimport.com\/index.php\/wp-json\/wp\/v2\/users\/1"}],"replies":[{"embeddable":true,"href":"https:\/\/www.dentalsurgimport.com\/index.php\/wp-json\/wp\/v2\/comments?post=1277"}],"version-history":[{"count":34,"href":"https:\/\/www.dentalsurgimport.com\/index.php\/wp-json\/wp\/v2\/pages\/1277\/revisions"}],"predecessor-version":[{"id":1318,"href":"https:\/\/www.dentalsurgimport.com\/index.php\/wp-json\/wp\/v2\/pages\/1277\/revisions\/1318"}],"wp:attachment":[{"href":"https:\/\/www.dentalsurgimport.com\/index.php\/wp-json\/wp\/v2\/media?parent=1277"}],"curies":[{"name":"wp","href":"https:\/\/api.w.org\/{rel}","templated":true}]}}